{"id":256,"date":"2025-11-11T16:50:51","date_gmt":"2025-11-11T14:50:51","guid":{"rendered":"https:\/\/razor-financials.nl\/?page_id=256"},"modified":"2025-11-12T11:04:44","modified_gmt":"2025-11-12T09:04:44","slug":"home","status":"publish","type":"page","link":"https:\/\/razor-financials.nl\/?page_id=256","title":{"rendered":"Home"},"content":{"rendered":"\n<div class=\"wp-block-group r-spacing has-global-padding is-layout-constrained wp-container-core-group-is-layout-9e277222 wp-block-group-is-layout-constrained\" style=\"margin-top:0;margin-bottom:100px;padding-right:20px;padding-left:20px\">\n<div class=\"wp-block-cover banner-cover\" style=\"border-radius:20px;margin-top:0;margin-bottom:0;padding-top:var(--wp--preset--spacing--50);padding-right:20px;padding-bottom:var(--wp--preset--spacing--50);padding-left:20px;min-height:750px;aspect-ratio:unset;\"><img decoding=\"async\" class=\"wp-block-cover__image-background wp-image-885 size-large\" alt=\"\" src=\"https:\/\/razorfinancials-5zxfgzounc.live-website.com\/wp-content\/themes\/accounting-grove\/assets\/images\/banner.jpg\" data-object-fit=\"cover\"\/><span aria-hidden=\"true\" class=\"wp-block-cover__background has-black-background-color has-background-dim-40 has-background-dim\"><\/span><div class=\"wp-block-cover__inner-container has-global-padding is-layout-constrained wp-container-core-cover-is-layout-ce357d70 wp-block-cover-is-layout-constrained\">\n<h1 class=\"wp-block-heading has-text-align-center\" style=\"margin-top:0;margin-bottom:0;font-size:clamp(31.609px, 1.976rem + ((1vw - 3.2px) * 2.489), 56px);font-style:normal;font-weight:400;line-height:1.2\">Administratieve ondersteuning<br>Jaarrekeningen<br>Belastingen<br>Implementaties en procesoptimalisaties<\/h1>\n\n\n\n<p class=\"has-text-align-center has-base-2-color has-text-color has-link-color wp-elements-1a3d091a5774fe4355ad7c27bbca0153\" style=\"padding-top:var(--wp--preset--spacing--10)\">Van volledige ontzorging tot begeleiding op directieniveau, en alles wat daartussen zit.<\/p>\n\n\n\n<div class=\"wp-block-group wow animate__animated animate__fadeInUp has-global-padding is-layout-constrained wp-container-core-group-is-layout-bea02a06 wp-block-group-is-layout-constrained\">\n<div class=\"wp-block-buttons is-content-justification-center is-layout-flex wp-container-core-buttons-is-layout-52811f3d wp-block-buttons-is-layout-flex\" style=\"margin-top:0;margin-bottom:0;padding-top:var(--wp--preset--spacing--30)\">\n<div class=\"wp-block-button\"><a class=\"wp-block-button__link has-primary-background-color has-background wp-element-button\" href=\"mailto:info@razor-financials.nl\">Neem contact op<\/a><\/div>\n<\/div>\n<\/div>\n<\/div><\/div>\n\n\n\n<div class=\"wp-block-group brands wow animate__animated animate__fadeInUp has-global-padding is-layout-constrained wp-container-core-group-is-layout-81a631e1 wp-block-group-is-layout-constrained\" style=\"margin-top:0;margin-bottom:0;padding-top:60px;padding-right:var(--wp--preset--spacing--20);padding-bottom:0;padding-left:var(--wp--preset--spacing--20)\">\n<div class=\"wp-block-group is-layout-grid wp-container-core-group-is-layout-478b6e6b wp-block-group-is-layout-grid\"><\/div>\n<\/div>\n<\/div>\n\n\n\n<main class=\"wp-block-group is-layout-flow wp-block-group-is-layout-flow\" style=\"margin-top:0;margin-bottom:0;padding-top:0;padding-right:0;padding-bottom:0;padding-left:0\">\n<div class=\"wp-block-group r-spacing wow animate__animated animate__fadeInUp has-global-padding is-layout-constrained wp-container-core-group-is-layout-9e277222 wp-block-group-is-layout-constrained\" style=\"margin-top:0;margin-bottom:100px;padding-right:20px;padding-left:20px\">\n<div class=\"wp-block-columns are-vertically-aligned-center is-layout-flex wp-container-core-columns-is-layout-3fedb30a wp-block-columns-is-layout-flex\">\n<div class=\"wp-block-column is-vertically-aligned-center is-layout-flow wp-block-column-is-layout-flow\">\n<div class=\"wp-block-cover r-cover wp-duotone-unset-1\" style=\"border-radius:20px;min-height:618px;aspect-ratio:unset;\"><img loading=\"lazy\" decoding=\"async\" width=\"1000\" height=\"1000\" class=\"wp-block-cover__image-background wp-image-183 size-full\" alt=\"\" src=\"https:\/\/razorfinancials-5zxfgzounc.live-website.com\/wp-content\/uploads\/2025\/10\/Foto-Robert-Tielkemeijer.jpg\" style=\"object-position:58% 31%\" data-object-fit=\"cover\" data-object-position=\"58% 31%\" srcset=\"https:\/\/razor-financials.nl\/wp-content\/uploads\/2025\/10\/Foto-Robert-Tielkemeijer.jpg 1000w, https:\/\/razor-financials.nl\/wp-content\/uploads\/2025\/10\/Foto-Robert-Tielkemeijer-300x300.jpg 300w, https:\/\/razor-financials.nl\/wp-content\/uploads\/2025\/10\/Foto-Robert-Tielkemeijer-150x150.jpg 150w, https:\/\/razor-financials.nl\/wp-content\/uploads\/2025\/10\/Foto-Robert-Tielkemeijer-768x768.jpg 768w\" sizes=\"auto, (max-width: 1000px) 100vw, 1000px\" \/><span aria-hidden=\"true\" class=\"wp-block-cover__background has-background-dim-0 has-background-dim\"><\/span><div class=\"wp-block-cover__inner-container is-layout-flow wp-block-cover-is-layout-flow\">\n<p class=\"has-text-align-center has-large-font-size\"><\/p>\n<\/div><\/div>\n<\/div>\n\n\n\n<div class=\"wp-block-column is-vertically-aligned-center is-layout-flow wp-block-column-is-layout-flow\">\n<p class=\"has-text-align-left\" style=\"margin-top:0;margin-right:0;margin-bottom:0;margin-left:0;font-size:clamp(14px, 0.875rem + ((1vw - 3.2px) * 0.408), 18px);font-style:normal;font-weight:400;letter-spacing:2px\">Over ons<\/p>\n\n\n\n<h2 class=\"wp-block-heading has-text-align-left\" style=\"margin-top:0;margin-bottom:40px;font-size:clamp(25.014px, 1.563rem + ((1vw - 3.2px) * 1.733), 42px);font-style:normal;font-weight:400;line-height:1.3\">Professionals met brede ervaring<\/h2>\n\n\n\n<p style=\"margin-top:0\">Twee kanten van een gouden medaille. Jarenlange werkervaring in de accountancy- en advieswereld \u00e9n jarenlange werkervaring als controller. Bij ons zijn je financi\u00eble vraagstukken in goede handen. Niet alleen omdat de kennis aanwezig is, maar ook de ervaring. Advies geven, dat is \u00e9\u00e9n ding. Advies uitvoeren, dat is heel wat anders. Dankzij onze brede ervaring kunnen we je met zowel advies als praktische hulp bijstaan. <\/p>\n\n\n\n<p>Onze werkwijze kenmerkt zich door een hoge kwaliteit, integriteit en betrouwbaarheid. We werken zoveel mogelijk met eerlijke, vaste prijzen.<\/p>\n\n\n\n<p>We zijn gevestigd in de regio Hardenberg (Zwolle, Hoogeveen, Almelo, Hengelo, Enschede). Dankzij een goed gebruik van techniek bieden wij onze diensten ook buiten deze regio aan.<\/p>\n\n\n\n<figure class=\"wp-block-image alignright size-full is-resized\"><img loading=\"lazy\" decoding=\"async\" width=\"228\" height=\"92\" src=\"https:\/\/razorfinancials-5zxfgzounc.live-website.com\/wp-content\/uploads\/2025\/10\/Handtekening-1.jpg\" alt=\"\" class=\"wp-image-143\" style=\"width:183px;height:auto\"\/><\/figure>\n<\/div>\n<\/div>\n<\/div>\n\n\n\n<div class=\"wp-block-group r-spacing wow animate__animated animate__fadeInUp has-global-padding is-layout-constrained wp-container-core-group-is-layout-9e277222 wp-block-group-is-layout-constrained\" style=\"margin-top:0;margin-bottom:100px;padding-right:20px;padding-left:20px\">\n<div class=\"wp-block-group title-spacing has-global-padding is-content-justification-left is-layout-constrained wp-container-core-group-is-layout-41b9fb80 wp-block-group-is-layout-constrained\" style=\"margin-bottom:60px\">\n<p class=\"has-text-align-left\" style=\"margin-top:0;margin-right:0;margin-bottom:0;margin-left:0;font-size:clamp(14px, 0.875rem + ((1vw - 3.2px) * 0.408), 18px);font-style:normal;font-weight:400;letter-spacing:2px\">Onze diensten<\/p>\n\n\n\n<h2 class=\"wp-block-heading has-text-align-left\" style=\"margin-top:0;margin-bottom:40px;font-size:clamp(25.014px, 1.563rem + ((1vw - 3.2px) * 1.733), 42px);font-style:normal;font-weight:400;line-height:1.3\">Innovatieve oplossingen tegen eerlijke prijzen<\/h2>\n<\/div>\n\n\n\n<div class=\"wp-block-group is-layout-grid wp-container-core-group-is-layout-df9cfaae wp-block-group-is-layout-grid\">\n<div class=\"wp-block-group has-background has-global-padding is-layout-constrained wp-container-core-group-is-layout-36f3f318 wp-block-group-is-layout-constrained\" style=\"border-radius:10px;background-color:#f5f5f4;padding-top:60px;padding-right:40px;padding-bottom:60px;padding-left:40px\">\n<div class=\"wp-block-group has-global-padding is-content-justification-left is-layout-constrained wp-container-core-group-is-layout-a5bfaf62 wp-block-group-is-layout-constrained\" style=\"padding-top:0px;padding-right:0px;padding-bottom:0px;padding-left:0px\">\n<div class=\"wp-block-group has-background has-global-padding is-layout-constrained wp-container-core-group-is-layout-f6740e35 wp-block-group-is-layout-constrained\" style=\"border-radius:50%;background-color:#02819e33;padding-top:10px;padding-right:10px;padding-bottom:10px;padding-left:10px\">\n<figure class=\"wp-block-image aligncenter size-full is-resized wp-duotone-01819d-rgb1129157-2\"><img decoding=\"async\" src=\"https:\/\/razorfinancials-5zxfgzounc.live-website.com\/wp-content\/themes\/accounting-grove\/assets\/images\/services-1.png\" alt=\"\" class=\"wp-image-915\" style=\"width:40px;height:auto\"\/><\/figure>\n<\/div>\n<\/div>\n\n\n\n<h2 class=\"wp-block-heading has-text-align-left\" style=\"margin-top:24px;margin-bottom:24px;font-size:clamp(17.905px, 1.119rem + ((1vw - 3.2px) * 1.03), 28px);font-style:normal;font-weight:400;line-height:1.3\">Administratiekantoor, (interim)controller en coaching<\/h2>\n\n\n\n<p>Of je nu als ondernemer je administratie geheel of gedeeltelijk wil uitbesteden of alleen een jaarrekening wil laten opstellen, of je als doorgewinterde financial een sparringpartner zoekt: wij bieden wat je nodig hebt. We nemen werk uit handen, of we trainen jou of \u00e9\u00e9n van je medewerkers. Of een combinatie van beide.<\/p>\n\n\n\n<div class=\"wp-block-group has-no-underline is-nowrap is-layout-flex wp-container-core-group-is-layout-4b0a85f0 wp-block-group-is-layout-flex\">\n<p style=\"font-style:normal;font-weight:500\"><a href=\"https:\/\/razor-financials.nl\/?page_id=61#Administratiekantoor\">Lees meer<\/a><\/p>\n\n\n\n<figure class=\"wp-block-image size-full is-resized\" style=\"margin-bottom:2px\"><img decoding=\"async\" src=\"https:\/\/razorfinancials-5zxfgzounc.live-website.com\/wp-content\/themes\/accounting-grove\/assets\/images\/arrow-right.png\" alt=\"\" class=\"wp-image-926\" style=\"width:21px;height:auto\"\/><\/figure>\n<\/div>\n<\/div>\n\n\n\n<div class=\"wp-block-group has-background has-global-padding is-layout-constrained wp-container-core-group-is-layout-36f3f318 wp-block-group-is-layout-constrained\" style=\"border-radius:10px;background-color:#f5f5f4;padding-top:60px;padding-right:40px;padding-bottom:60px;padding-left:40px\">\n<div class=\"wp-block-group has-global-padding is-content-justification-left is-layout-constrained wp-container-core-group-is-layout-a5bfaf62 wp-block-group-is-layout-constrained\" style=\"padding-top:0px;padding-right:0px;padding-bottom:0px;padding-left:0px\">\n<div class=\"wp-block-group has-background has-global-padding is-layout-constrained wp-container-core-group-is-layout-f6740e35 wp-block-group-is-layout-constrained\" style=\"border-radius:50%;background-color:#02819e33;padding-top:10px;padding-right:10px;padding-bottom:10px;padding-left:10px\">\n<figure class=\"wp-block-image aligncenter size-full is-resized wp-duotone-01819d-rgb1129157-3\"><img decoding=\"async\" src=\"https:\/\/razorfinancials-5zxfgzounc.live-website.com\/wp-content\/themes\/accounting-grove\/assets\/images\/services-2.png\" alt=\"\" class=\"wp-image-916\" style=\"width:40px;height:auto\"\/><\/figure>\n<\/div>\n<\/div>\n\n\n\n<h2 class=\"wp-block-heading has-text-align-left\" style=\"margin-top:24px;margin-bottom:24px;font-size:clamp(17.905px, 1.119rem + ((1vw - 3.2px) * 1.03), 28px);font-style:normal;font-weight:400;line-height:1.3\">Belastingaangiften, advies en second opinions<\/h2>\n\n\n\n<p>Niemand ontkomt aan belastingen. En niemand wil te veel betalen. Je wil je verplichtingen op tijd nakomen, want je wil geen extra kosten maken. Wij helpen je met het doen van aangiften en het optimaliseren van je fiscale positie. Daarnaast kun je bij ons terecht voor een second opinion. Voor ondernemers en particulieren.<\/p>\n\n\n\n<div class=\"wp-block-group has-no-underline is-nowrap is-layout-flex wp-container-core-group-is-layout-4b0a85f0 wp-block-group-is-layout-flex\">\n<p style=\"font-style:normal;font-weight:500\"><a href=\"https:\/\/razor-financials.nl\/?page_id=61#Belastingen\" data-type=\"internal\" data-id=\"#Belasting-SO\">Lees meer<\/a><\/p>\n\n\n\n<figure class=\"wp-block-image size-full is-resized\" style=\"margin-bottom:2px\"><img decoding=\"async\" src=\"https:\/\/razorfinancials-5zxfgzounc.live-website.com\/wp-content\/themes\/accounting-grove\/assets\/images\/arrow-right.png\" alt=\"\" class=\"wp-image-926\" style=\"width:21px;height:auto\"\/><\/figure>\n<\/div>\n<\/div>\n\n\n\n<div class=\"wp-block-group has-background has-global-padding is-layout-constrained wp-container-core-group-is-layout-36f3f318 wp-block-group-is-layout-constrained\" style=\"border-radius:10px;background-color:#f5f5f4;padding-top:60px;padding-right:40px;padding-bottom:60px;padding-left:40px\">\n<div class=\"wp-block-group has-global-padding is-content-justification-left is-layout-constrained wp-container-core-group-is-layout-a5bfaf62 wp-block-group-is-layout-constrained\" style=\"padding-top:0px;padding-right:0px;padding-bottom:0px;padding-left:0px\">\n<div class=\"wp-block-group has-background has-global-padding is-layout-constrained wp-container-core-group-is-layout-f6740e35 wp-block-group-is-layout-constrained\" style=\"border-radius:50%;background-color:#02819e33;padding-top:10px;padding-right:10px;padding-bottom:10px;padding-left:10px\">\n<figure class=\"wp-block-image aligncenter size-full wp-duotone-01819d-rgb1129157-4\"><img decoding=\"async\" src=\"https:\/\/razorfinancials-5zxfgzounc.live-website.com\/wp-content\/themes\/accounting-grove\/assets\/images\/services-3.png\" alt=\"\" class=\"wp-image-917\"\/><\/figure>\n<\/div>\n<\/div>\n\n\n\n<h2 class=\"wp-block-heading has-text-align-left\" style=\"margin-top:24px;margin-bottom:24px;font-size:clamp(17.905px, 1.119rem + ((1vw - 3.2px) * 1.03), 28px);font-style:normal;font-weight:400;line-height:1.3\">Implementaties en procesoptimalisaties<br>  <br><\/h2>\n\n\n\n<p>Geen ondernemer wil veel tijd en middelen besteden aan zijn administratie. Maar het moet wel in orde zijn en van hoge kwaliteit. Wij helpen je met slimme automatiseringsoplossingen en houden daarbij scherp het oog op je financieel-administratieve processen en de menselijke aspecten.<\/p>\n\n\n\n<div class=\"wp-block-group has-no-underline is-nowrap is-layout-flex wp-container-core-group-is-layout-4b0a85f0 wp-block-group-is-layout-flex\">\n<p style=\"font-style:normal;font-weight:500\"><a href=\"https:\/\/razor-financials.nl\/?page_id=61#Implementatie-Procesoptimalisatie\">Lees meer<\/a><\/p>\n\n\n\n<figure class=\"wp-block-image size-full is-resized\" style=\"margin-bottom:2px\"><img decoding=\"async\" src=\"https:\/\/razorfinancials-5zxfgzounc.live-website.com\/wp-content\/themes\/accounting-grove\/assets\/images\/arrow-right.png\" alt=\"\" class=\"wp-image-926\" style=\"width:21px;height:auto\"\/><\/figure>\n<\/div>\n<\/div>\n<\/div>\n<\/div>\n\n\n\n<div class=\"wp-block-group r-spacing wow animate__animated animate__fadeInUp has-global-padding is-layout-constrained wp-container-core-group-is-layout-9e277222 wp-block-group-is-layout-constrained\" style=\"margin-top:0;margin-bottom:100px;padding-right:20px;padding-left:20px\"><\/div>\n\n\n\n<div class=\"wp-block-group r-spacing wow animate__animated animate__fadeInUp has-global-padding is-layout-constrained wp-container-core-group-is-layout-9e277222 wp-block-group-is-layout-constrained\" style=\"margin-top:0;margin-bottom:100px;padding-right:20px;padding-left:20px\">\n<div class=\"wp-block-cover banner-cover\" style=\"border-radius:20px;margin-top:0;margin-bottom:0;padding-top:var(--wp--preset--spacing--50);padding-right:40px;padding-bottom:var(--wp--preset--spacing--50);padding-left:40px;min-height:500px;aspect-ratio:unset;\"><img decoding=\"async\" class=\"wp-block-cover__image-background wp-image-885 size-large\" alt=\"\" src=\"https:\/\/razorfinancials-5zxfgzounc.live-website.com\/wp-content\/themes\/accounting-grove\/assets\/images\/banner.jpg\" data-object-fit=\"cover\"\/><span aria-hidden=\"true\" class=\"wp-block-cover__background has-contrast-2-background-color has-background-dim-60 has-background-dim\"><\/span><div class=\"wp-block-cover__inner-container has-global-padding is-layout-constrained wp-container-core-cover-is-layout-fb2c9247 wp-block-cover-is-layout-constrained\">\n<div class=\"wp-block-group has-global-padding is-content-justification-left is-layout-constrained wp-container-core-group-is-layout-5b3d42a2 wp-block-group-is-layout-constrained\">\n<h2 class=\"wp-block-heading has-text-align-left\" style=\"margin-top:0;margin-bottom:0;font-size:clamp(31.609px, 1.976rem + ((1vw - 3.2px) * 2.489), 56px);font-style:normal;font-weight:400;line-height:1.2\">Neem contact met ons op voor een vrijblijvende kennismaking<\/h2>\n\n\n\n<p class=\"has-text-align-left has-base-2-color has-text-color has-link-color wp-elements-1496694557388c4c8cc655c602267922\" style=\"padding-top:var(--wp--preset--spacing--10)\"><\/p>\n\n\n\n<div class=\"wp-block-buttons is-content-justification-left is-layout-flex wp-container-core-buttons-is-layout-8729e405 wp-block-buttons-is-layout-flex\" style=\"margin-top:0;margin-bottom:0;padding-top:var(--wp--preset--spacing--30)\">\n<div class=\"wp-block-button\"><a class=\"wp-block-button__link has-contrast-color has-base-2-background-color has-text-color has-background has-link-color wp-element-button\" href=\"mailto:info@razor-financials.nl\">Neem contact op<\/a><\/div>\n<\/div>\n<\/div>\n<\/div><\/div>\n<\/div>\n<\/main>\n","protected":false},"excerpt":{"rendered":"<p>Over ons Professionals met brede ervaring Twee kanten van een gouden medaille. Jarenlange werkervaring in de accountancy- en advieswereld \u00e9n jarenlange werkervaring als controller. Bij ons zijn je financi\u00eble vraagstukken in goede handen. Niet alleen omdat de kennis aanwezig is, maar ook de ervaring. Advies geven, dat is \u00e9\u00e9n ding. Advies uitvoeren, dat is heel [&hellip;]<\/p>\n","protected":false},"author":1,"featured_media":0,"parent":0,"menu_order":0,"comment_status":"closed","ping_status":"closed","template":"full-width","meta":{"footnotes":""},"class_list":["post-256","page","type-page","status-publish","hentry"],"_links":{"self":[{"href":"https:\/\/razor-financials.nl\/index.php?rest_route=\/wp\/v2\/pages\/256","targetHints":{"allow":["GET"]}}],"collection":[{"href":"https:\/\/razor-financials.nl\/index.php?rest_route=\/wp\/v2\/pages"}],"about":[{"href":"https:\/\/razor-financials.nl\/index.php?rest_route=\/wp\/v2\/types\/page"}],"author":[{"embeddable":true,"href":"https:\/\/razor-financials.nl\/index.php?rest_route=\/wp\/v2\/users\/1"}],"replies":[{"embeddable":true,"href":"https:\/\/razor-financials.nl\/index.php?rest_route=%2Fwp%2Fv2%2Fcomments&post=256"}],"version-history":[{"count":3,"href":"https:\/\/razor-financials.nl\/index.php?rest_route=\/wp\/v2\/pages\/256\/revisions"}],"predecessor-version":[{"id":266,"href":"https:\/\/razor-financials.nl\/index.php?rest_route=\/wp\/v2\/pages\/256\/revisions\/266"}],"wp:attachment":[{"href":"https:\/\/razor-financials.nl\/index.php?rest_route=%2Fwp%2Fv2%2Fmedia&parent=256"}],"curies":[{"name":"wp","href":"https:\/\/api.w.org\/{rel}","templated":true}]}}